{"id":3,"date":"2019-07-31T11:56:17","date_gmt":"2019-07-31T11:56:17","guid":{"rendered":"https:\/\/www.eltedo.de\/wordpress\/?page_id=3"},"modified":"2019-07-31T18:09:52","modified_gmt":"2019-07-31T16:09:52","slug":"datenschutzerklarung","status":"publish","type":"page","link":"https:\/\/www.eltedo.de\/index.php\/datenschutzerklarung\/","title":{"rendered":"Datenschutzerkl\u00e4rung"},"content":{"rendered":"\n<h2 class=\"wp-block-heading\">1. Datenschutz auf einen Blick<\/h2>\n\n\n\n<h3 class=\"wp-block-heading\">Allgemeine Hinweise<\/h3>\n\n\n\n<p>Die folgenden Hinweise geben einen \neinfachen \u00dcberblick dar\u00fcber, was mit Ihren personenbezogenen Daten \npassiert, wenn Sie unsere Website besuchen. Personenbezogene Daten sind \nalle Daten, mit denen Sie pers\u00f6nlich identifiziert werden k\u00f6nnen. \nAusf\u00fchrliche Informationen zum Thema Datenschutz entnehmen Sie unserer \nunter diesem Text aufgef\u00fchrten Datenschutzerkl\u00e4rung.<\/p>\n\n\n\n<h3 class=\"wp-block-heading\">Datenerfassung auf unserer Website<\/h3>\n\n\n\n<p><strong>Wer ist verantwortlich f\u00fcr die Datenerfassung auf dieser Website?<\/strong><\/p>\n\n\n\n<p>Die\n Datenverarbeitung auf dieser Website erfolgt durch den \nWebsitebetreiber. Dessen Kontaktdaten k\u00f6nnen Sie dem Impressum dieser \nWebsite entnehmen.<\/p>\n\n\n\n<p><strong>Wie erfassen wir Ihre Daten?<\/strong><\/p>\n\n\n\n<p>Ihre\n Daten werden zum einen dadurch erhoben, dass Sie uns diese mitteilen. \nHierbei kann es sich z.B. um Daten handeln, die Sie in ein \nKontaktformular eingeben.<\/p>\n\n\n\n<p>Andere Daten werden automatisch beim \nBesuch der Website durch unsere IT-Systeme erfasst. Das sind vor allem \ntechnische Daten (z.B. Internetbrowser, Betriebssystem oder Uhrzeit des \nSeitenaufrufs). Die Erfassung dieser Daten erfolgt automatisch, sobald \nSie unsere Website betreten.<\/p>\n\n\n\n<p><strong>Wof\u00fcr nutzen wir Ihre Daten?<\/strong><\/p>\n\n\n\n<p>Ein\n Teil der Daten wird erhoben, um eine fehlerfreie Bereitstellung der \nWebsite zu gew\u00e4hrleisten. Andere Daten k\u00f6nnen zur Analyse Ihres \nNutzerverhaltens verwendet werden.<\/p>\n\n\n\n<p><strong>Welche Rechte haben Sie bez\u00fcglich Ihrer Daten?<\/strong><\/p>\n\n\n\n<p>Sie\n haben jederzeit das Recht unentgeltlich Auskunft \u00fcber Herkunft, \nEmpf\u00e4nger und Zweck Ihrer gespeicherten personenbezogenen Daten zu \nerhalten. Sie haben au\u00dferdem ein Recht, die Berichtigung, Sperrung oder \nL\u00f6schung dieser Daten zu verlangen. Hierzu sowie zu weiteren Fragen zum \nThema Datenschutz k\u00f6nnen Sie sich jederzeit unter der im Impressum \nangegebenen Adresse an uns wenden. Des Weiteren steht Ihnen ein \nBeschwerderecht bei der zust\u00e4ndigen Aufsichtsbeh\u00f6rde zu.<\/p>\n\n\n\n<h3 class=\"wp-block-heading\">Analyse-Tools und Tools von Drittanbietern<\/h3>\n\n\n\n<p>Beim Besuch \nunserer Website kann Ihr Surf-Verhalten statistisch ausgewertet werden. \nDas geschieht vor allem mit Cookies und mit sogenannten \nAnalyseprogrammen. Die Analyse Ihres Surf-Verhaltens erfolgt in der \nRegel anonym; das Surf-Verhalten kann nicht zu Ihnen zur\u00fcckverfolgt \nwerden. Sie k\u00f6nnen dieser Analyse widersprechen oder sie durch die \nNichtbenutzung bestimmter Tools verhindern. Detaillierte Informationen \ndazu finden Sie in der folgenden Datenschutzerkl\u00e4rung.<\/p>\n\n\n\n<p>Sie k\u00f6nnen\n dieser Analyse widersprechen. \u00dcber die Widerspruchsm\u00f6glichkeiten werden\n wir Sie in dieser Datenschutzerkl\u00e4rung informieren.<\/p>\n\n\n\n<h2 class=\"wp-block-heading\">2. Allgemeine Hinweise und Pflichtinformationen<\/h2>\n\n\n\n<h3 class=\"wp-block-heading\">Datenschutz<\/h3>\n\n\n\n<p>Die Betreiber dieser Seiten nehmen den Schutz \nIhrer pers\u00f6nlichen Daten sehr ernst. Wir behandeln Ihre \npersonenbezogenen Daten vertraulich und entsprechend der gesetzlichen \nDatenschutzvorschriften sowie dieser Datenschutzerkl\u00e4rung.<\/p>\n\n\n\n<p>Wenn \nSie diese Website benutzen, werden verschiedene personenbezogene Daten \nerhoben. Personenbezogene Daten sind Daten, mit denen Sie pers\u00f6nlich \nidentifiziert werden k\u00f6nnen. Die vorliegende Datenschutzerkl\u00e4rung \nerl\u00e4utert, welche Daten wir erheben und wof\u00fcr wir sie nutzen. Sie \nerl\u00e4utert auch, wie und zu welchem Zweck das geschieht.<\/p>\n\n\n\n<p>Wir \nweisen darauf hin, dass die Daten\u00fcbertragung im Internet (z.B. bei der \nKommunikation per E-Mail) Sicherheitsl\u00fccken aufweisen kann. Ein \nl\u00fcckenloser Schutz der Daten vor dem Zugriff durch Dritte ist nicht \nm\u00f6glich.<\/p>\n\n\n\n<h3 class=\"wp-block-heading\">Hinweis zur verantwortlichen Stelle<\/h3>\n\n\n\n<p>Die verantwortliche Stelle f\u00fcr die Datenverarbeitung auf dieser Website ist:<\/p>\n\n\n\n<p>Christian Donislreiter<br>\nGartenstra\u00dfe 87<br>\nD-84577 T\u00fc\u00dfling<\/p>\n\n\n\n<p>Telefon: 08633 24 90 81<br>\nE-Mail: info@eltedo.de<\/p>\n\n\n\n<p>Verantwortliche Stelle ist die nat\u00fcrliche oder juristische Person, \ndie allein oder gemeinsam mit anderen \u00fcber die Zwecke und Mittel der \nVerarbeitung von personenbezogenen Daten (z.B. Namen, E-Mail-Adressen o.\n \u00c4.) entscheidet.<\/p>\n\n\n\n<h3 class=\"wp-block-heading\">Widerruf Ihrer Einwilligung zur Datenverarbeitung<\/h3>\n\n\n\n<p>Viele \nDatenverarbeitungsvorg\u00e4nge sind nur mit Ihrer ausdr\u00fccklichen \nEinwilligung m\u00f6glich. Sie k\u00f6nnen eine bereits erteilte Einwilligung \njederzeit widerrufen. Dazu reicht eine formlose Mitteilung per E-Mail an\n uns. Die Rechtm\u00e4\u00dfigkeit der bis zum Widerruf erfolgten \nDatenverarbeitung bleibt vom Widerruf unber\u00fchrt.<\/p>\n\n\n\n<h3 class=\"wp-block-heading\">Beschwerderecht bei der zust\u00e4ndigen Aufsichtsbeh\u00f6rde<\/h3>\n\n\n\n<p>Im \nFalle datenschutzrechtlicher Verst\u00f6\u00dfe steht dem Betroffenen ein \nBeschwerderecht bei der zust\u00e4ndigen Aufsichtsbeh\u00f6rde zu. Zust\u00e4ndige \nAufsichtsbeh\u00f6rde in datenschutzrechtlichen Fragen ist der \nLandesdatenschutzbeauftragte des Bundeslandes, in dem unser Unternehmen \nseinen Sitz hat. Eine Liste der Datenschutzbeauftragten sowie deren \nKontaktdaten k\u00f6nnen folgendem Link entnommen werden: <a href=\"https:\/\/www.bfdi.bund.de\/DE\/Infothek\/Anschriften_Links\/anschriften_links-node.html\" target=\"_blank\" rel=\"noreferrer noopener\">https:\/\/www.bfdi.bund.de\/DE\/Infothek\/Anschriften_Links\/anschriften_links-node.html<\/a>.<\/p>\n\n\n\n<h3 class=\"wp-block-heading\">Recht auf Daten\u00fcbertragbarkeit<\/h3>\n\n\n\n<p>Sie haben das Recht, Daten, \ndie wir auf Grundlage Ihrer Einwilligung oder in Erf\u00fcllung eines \nVertrags automatisiert verarbeiten, an sich oder an einen Dritten in \neinem g\u00e4ngigen, maschinenlesbaren Format aush\u00e4ndigen zu lassen. Sofern \nSie die direkte \u00dcbertragung der Daten an einen anderen Verantwortlichen \nverlangen, erfolgt dies nur, soweit es technisch machbar ist.<\/p>\n\n\n\n<h3 class=\"wp-block-heading\">SSL- bzw. TLS-Verschl\u00fcsselung<\/h3>\n\n\n\n<p>Diese Seite nutzt aus \nSicherheitsgr\u00fcnden und zum Schutz der \u00dcbertragung vertraulicher Inhalte,\n wie zum Beispiel Bestellungen oder Anfragen, die Sie an uns als \nSeitenbetreiber senden, eine SSL-bzw. TLS-Verschl\u00fcsselung. Eine \nverschl\u00fcsselte Verbindung erkennen Sie daran, dass die Adresszeile des \nBrowsers von \u201chttp:\/\/\u201d auf \u201chttps:\/\/\u201d wechselt und an dem Schloss-Symbol\n in Ihrer Browserzeile.<\/p>\n\n\n\n<p>Wenn die SSL- bzw. TLS-Verschl\u00fcsselung \naktiviert ist, k\u00f6nnen die Daten, die Sie an uns \u00fcbermitteln, nicht von \nDritten mitgelesen werden.<\/p>\n\n\n\n<h3 class=\"wp-block-heading\">Auskunft, Sperrung, L\u00f6schung<\/h3>\n\n\n\n<p>Sie haben im Rahmen der \ngeltenden gesetzlichen Bestimmungen jederzeit das Recht auf \nunentgeltliche Auskunft \u00fcber Ihre gespeicherten personenbezogenen Daten,\n deren Herkunft und Empf\u00e4nger und den Zweck der Datenverarbeitung und \nggf. ein Recht auf Berichtigung, Sperrung oder L\u00f6schung dieser Daten. \nHierzu sowie zu weiteren Fragen zum Thema personenbezogene Daten k\u00f6nnen \nSie sich jederzeit unter der im Impressum angegebenen Adresse an uns \nwenden.<\/p>\n\n\n\n<h2 class=\"wp-block-heading\">3. Datenerfassung auf unserer Website<\/h2>\n\n\n\n<h3 class=\"wp-block-heading\">Server-Log-Dateien<\/h3>\n\n\n\n<p>Der Provider der Seiten erhebt und \nspeichert automatisch Informationen in so genannten Server-Log-Dateien, \ndie Ihr Browser automatisch an uns \u00fcbermittelt. Dies sind:<\/p>\n\n\n\n<ul class=\"wp-block-list\"><li>Browsertyp und Browserversion<\/li><li>verwendetes Betriebssystem<\/li><li>Referrer URL<\/li><li>Hostname des zugreifenden Rechners<\/li><li>Uhrzeit der Serveranfrage<\/li><li>IP-Adresse<\/li><\/ul>\n\n\n\n<p>Eine Zusammenf\u00fchrung dieser Daten mit anderen Datenquellen wird nicht vorgenommen.<\/p>\n\n\n\n<p>Grundlage\n f\u00fcr die Datenverarbeitung ist Art. 6 Abs. 1 lit. f DSGVO, der die \nVerarbeitung von Daten zur Erf\u00fcllung eines Vertrags oder \nvorvertraglicher Ma\u00dfnahmen gestattet.<\/p>\n\n\n\n<h3 class=\"wp-block-heading\">Kontaktformular<\/h3>\n\n\n\n<p>Wenn Sie uns per Kontaktformular Anfragen \nzukommen lassen, werden Ihre Angaben aus dem Anfrageformular inklusive \nder von Ihnen dort angegebenen Kontaktdaten zwecks Bearbeitung der \nAnfrage und f\u00fcr den Fall von Anschlussfragen bei uns gespeichert. Diese \nDaten geben wir nicht ohne Ihre Einwilligung weiter.<\/p>\n\n\n\n<p>Die \nVerarbeitung der in das Kontaktformular eingegebenen Daten erfolgt somit\n ausschlie\u00dflich auf Grundlage Ihrer Einwilligung (Art. 6 Abs. 1 lit. a \nDSGVO). Sie k\u00f6nnen diese Einwilligung jederzeit widerrufen. Dazu reicht \neine formlose Mitteilung per E-Mail an uns. Die Rechtm\u00e4\u00dfigkeit der bis \nzum Widerruf erfolgten Datenverarbeitungsvorg\u00e4nge bleibt vom Widerruf \nunber\u00fchrt.<\/p>\n\n\n\n<p>Die von Ihnen im Kontaktformular eingegebenen Daten \nverbleiben bei uns, bis Sie uns zur L\u00f6schung auffordern, Ihre \nEinwilligung zur Speicherung widerrufen oder der Zweck f\u00fcr die \nDatenspeicherung entf\u00e4llt (z.B. nach abgeschlossener Bearbeitung Ihrer \nAnfrage). Zwingende gesetzliche Bestimmungen \u2013 insbesondere \nAufbewahrungsfristen \u2013 bleiben unber\u00fchrt.<\/p>\n\n\n\n<h2 class=\"wp-block-heading\">4. Analyse Tools und Werbung<\/h2>\n\n\n\n<h3 class=\"wp-block-heading\">Matomo (ehemals Piwik)<\/h3>\n\n\n\n<p>Diese Website benutzt den Open Source\n Webanalysedienst Matomo. Matomo verwendet so genannte &#8222;Cookies&#8220;. Das \nsind Textdateien, die auf Ihrem Computer gespeichert werden und die eine\n Analyse der Benutzung der Website durch Sie erm\u00f6glichen. Dazu werden \ndie durch den Cookie erzeugten Informationen \u00fcber die Benutzung dieser \nWebsite auf unserem Server gespeichert. Die IP-Adresse wird vor der \nSpeicherung anonymisiert.<\/p>\n\n\n\n<p>Matomo-Cookies verbleiben auf Ihrem Endger\u00e4t, bis Sie sie l\u00f6schen.<\/p>\n\n\n\n<p>Die\n Speicherung von Matomo-Cookies erfolgt auf Grundlage von Art. 6 Abs. 1 \nlit. f DSGVO. Der Websitebetreiber hat ein berechtigtes Interesse an der\n anonymisierten Analyse des Nutzerverhaltens, um sowohl sein Webangebot \nals auch seine Werbung zu optimieren.<\/p>\n\n\n\n<p>Die durch den Cookie \nerzeugten Informationen \u00fcber die Benutzung dieser Website werden nicht \nan Dritte weitergegeben. Sie k\u00f6nnen die Speicherung der Cookies durch \neine entsprechende Einstellung Ihrer Browser-Software verhindern; wir \nweisen Sie jedoch darauf hin, dass Sie in diesem Fall gegebenenfalls \nnicht s\u00e4mtliche Funktionen dieser Website vollumf\u00e4nglich werden nutzen \nk\u00f6nnen.<\/p>\n\n\n\n<p>Wenn Sie mit der Speicherung und Nutzung Ihrer Daten \nnicht einverstanden sind, k\u00f6nnen Sie die Speicherung und Nutzung hier \ndeaktivieren. In diesem Fall wird in Ihrem Browser ein Opt-Out-Cookie \nhinterlegt, der verhindert, dass Matomo Nutzungsdaten speichert. Wenn \nSie Ihre Cookies l\u00f6schen, hat dies zur Folge, dass auch das Matomo \nOpt-Out-Cookie gel\u00f6scht wird. Das Opt-Out muss bei einem erneuten Besuch\n unserer Seite wieder aktiviert werden.<br><\/p>\n\n\n\n<figure><iframe src=\"https:\/\/awt.fisinger.de\/index.php?module=CoreAdminHome&amp;action=optOut&amp;language=de\"><\/iframe><\/figure>\n\n\n\n<h2 class=\"wp-block-heading\">5. Plugins und Tools<\/h2>\n\n\n\n<h3 class=\"wp-block-heading\">YouTube<\/h3>\n\n\n\n<p>Unsere Website nutzt Plugins der von Google \nbetriebenen Seite YouTube. Betreiber der Seiten ist die YouTube, LLC, \n901 Cherry Ave., San Bruno, CA 94066, USA.<\/p>\n\n\n\n<p>Wenn Sie eine unserer \nmit einem YouTube-Plugin ausgestatteten Seiten besuchen, wird eine \nVerbindung zu den Servern von YouTube hergestellt. Dabei wird dem \nYouTube-Server mitgeteilt, welche unserer Seiten Sie besucht haben.<\/p>\n\n\n\n<p>Wenn\n Sie in Ihrem YouTube-Account eingeloggt sind, erm\u00f6glichen Sie YouTube, \nIhr Surfverhalten direkt Ihrem pers\u00f6nlichen Profil zuzuordnen. Dies \nk\u00f6nnen Sie verhindern, indem Sie sich aus Ihrem YouTube-Account \nausloggen.<\/p>\n\n\n\n<p>Die Nutzung von YouTube erfolgt im Interesse einer \nansprechenden Darstellung unserer Online-Angebote. Dies stellt ein \nberechtigtes Interesse im Sinne von Art. 6 Abs. 1 lit. f DSGVO dar.<\/p>\n\n\n\n<p>Weitere Informationen zum Umgang mit Nutzerdaten finden Sie in der Datenschutzerkl\u00e4rung von YouTube unter: <a href=\"https:\/\/www.google.de\/intl\/de\/policies\/privacy\" target=\"_blank\" rel=\"noreferrer noopener\">https:\/\/www.google.de\/intl\/de\/policies\/privacy<\/a>.<\/p>\n\n\n\n<h3 class=\"wp-block-heading\">Google Maps<\/h3>\n\n\n\n<p>Diese Seite nutzt \u00fcber eine API den Kartendienst\n Google Maps. Anbieter ist die Google Inc., 1600 Amphitheatre Parkway, \nMountain View, CA 94043, USA.<\/p>\n\n\n\n<p>Zur Nutzung der Funktionen von \nGoogle Maps ist es notwendig, Ihre IP Adresse zu speichern. Diese \nInformationen werden in der Regel an einen Server von Google in den USA \n\u00fcbertragen und dort gespeichert. Der Anbieter dieser Seite hat keinen \nEinfluss auf diese Daten\u00fcbertragung.<\/p>\n\n\n\n<p>Die Nutzung von Google Maps \nerfolgt im Interesse einer ansprechenden Darstellung unserer \nOnline-Angebote und an einer leichten Auffindbarkeit der von uns auf der\n Website angegebenen Orte. Dies stellt ein berechtigtes Interesse im \nSinne von Art. 6 Abs. 1 lit. f DSGVO dar.<\/p>\n\n\n\n<p>Mehr Informationen zum Umgang mit Nutzerdaten finden Sie in der Datenschutzerkl\u00e4rung von Google: <a href=\"https:\/\/www.google.de\/intl\/de\/policies\/privacy\/\" target=\"_blank\" rel=\"noreferrer noopener\">https:\/\/www.google.de\/intl\/de\/policies\/privacy\/<\/a>.<\/p>\n","protected":false},"excerpt":{"rendered":"<p>1. Datenschutz auf einen Blick Allgemeine Hinweise Die folgenden Hinweise geben einen einfachen \u00dcberblick dar\u00fcber, was mit Ihren personenbezogenen Daten passiert, wenn Sie unsere Website besuchen. Personenbezogene Daten sind alle Daten, mit denen Sie pers\u00f6nlich identifiziert werden k\u00f6nnen. Ausf\u00fchrliche Informationen zum Thema Datenschutz entnehmen Sie unserer unter diesem Text aufgef\u00fchrten Datenschutzerkl\u00e4rung. Datenerfassung auf unserer Website [&hellip;]<\/p>\n","protected":false},"author":1,"featured_media":0,"parent":0,"menu_order":0,"comment_status":"closed","ping_status":"open","template":"","meta":{"footnotes":""},"class_list":["post-3","page","type-page","status-publish","hentry"],"_links":{"self":[{"href":"https:\/\/www.eltedo.de\/index.php\/wp-json\/wp\/v2\/pages\/3","targetHints":{"allow":["GET"]}}],"collection":[{"href":"https:\/\/www.eltedo.de\/index.php\/wp-json\/wp\/v2\/pages"}],"about":[{"href":"https:\/\/www.eltedo.de\/index.php\/wp-json\/wp\/v2\/types\/page"}],"author":[{"embeddable":true,"href":"https:\/\/www.eltedo.de\/index.php\/wp-json\/wp\/v2\/users\/1"}],"replies":[{"embeddable":true,"href":"https:\/\/www.eltedo.de\/index.php\/wp-json\/wp\/v2\/comments?post=3"}],"version-history":[{"count":2,"href":"https:\/\/www.eltedo.de\/index.php\/wp-json\/wp\/v2\/pages\/3\/revisions"}],"predecessor-version":[{"id":2176,"href":"https:\/\/www.eltedo.de\/index.php\/wp-json\/wp\/v2\/pages\/3\/revisions\/2176"}],"wp:attachment":[{"href":"https:\/\/www.eltedo.de\/index.php\/wp-json\/wp\/v2\/media?parent=3"}],"curies":[{"name":"wp","href":"https:\/\/api.w.org\/{rel}","templated":true}]}}