{"id":2178,"date":"2019-07-31T18:12:29","date_gmt":"2019-07-31T16:12:29","guid":{"rendered":"https:\/\/www.eltedo.de\/wordpress\/?page_id=2178"},"modified":"2025-03-12T12:54:07","modified_gmt":"2025-03-12T10:54:07","slug":"impressum","status":"publish","type":"page","link":"https:\/\/www.eltedo.de\/index.php\/impressum\/","title":{"rendered":"Impressum"},"content":{"rendered":"\n<h2 class=\"wp-block-heading\">Angaben gem\u00e4\u00df \u00a7 5 TMG:<\/h2>\n\n\n\n<p>Christian Donislreiter<br>Elektrotechnik Christian Donislreiter <br>Mitterm\u00fchle 1A<br>84577 T\u00fc\u00dfling<\/p>\n\n\n\n<h2 class=\"wp-block-heading\">Kontakt:<\/h2>\n\n\n\n<p>Telefon: 08633 24 90 81<br>Telefax: 08633 24 95 82<br>E-Mail: info@eltedo.de<\/p>\n\n\n\n<h2 class=\"wp-block-heading\">Umsatzsteuer:<\/h2>\n\n\n\n<p>Umsatzsteuer-Identifikationsnummer gem\u00e4\u00df \u00a727 a Umsatzsteuergesetz: <\/p>\n\n\n\n<p>DE263731572<\/p>\n\n\n\n<h2 class=\"wp-block-heading\">Aufsichtsbeh\u00f6rde:<\/h2>\n\n\n\n<p>Handwerkskammer M\u00fcnchen Oberbayern<br>Handwerkskammer<br>f\u00fcr M\u00fcnchen und Oberbayern<br>Max-Joseph-Stra\u00dfe 4<br>80333 M\u00fcnchen<\/p>\n\n\n\n<p><a href=\"https:\/\/www.hwk-muenchen.de\/\">https:\/\/www.hwk-muenchen.de\/<\/a><\/p>\n\n\n\n<h2 class=\"wp-block-heading\">Berufsbezeichnung und berufsrechtliche Regelungen<\/h2>\n\n\n\n<p>Berufsbezeichnung: Elektrotechnik Handwerksbetrieb<br>Zust\u00e4ndige Kammer: Handwerkskammer M\u00fcnchen Oberbayern<br>Verliehen durch: Deutschland<br>Es gelten folgende berufsrechtliche Regelungen: Handwerksordung<br> Regelungen einsehbar unter: <a rel=\"noreferrer noopener\" href=\"https:\/\/www.gesetze-im-internet.de\/hwo\/\" target=\"_blank\">https:\/\/www.gesetze-im-internet.de\/hwo\/<\/a><\/p>\n\n\n\n<h2 class=\"wp-block-heading\">Verantwortlich f\u00fcr den Inhalt nach \u00a7 55 Abs. 2 RStV:<\/h2>\n\n\n\n<p>Christian Donislreiter<br>Gartenstra\u00dfe 87<br>D-84577 T\u00fc\u00dfling<\/p>\n\n\n\n<h2 class=\"wp-block-heading\">Streitschlichtung<\/h2>\n\n\n\n<p>Die Europ\u00e4ische Kommission stellt eine Plattform zur Online-Streitbeilegung (OS) bereit: <a rel=\"noreferrer noopener\" href=\"https:\/\/ec.europa.eu\/consumers\/odr\" target=\"_blank\">https:\/\/ec.europa.eu\/consumers\/odr<\/a>.<br>Unsere E-Mail-Adresse finden Sie oben im Impressum.<\/p>\n\n\n\n<p>Wir sind nicht bereit oder verpflichtet, an Streitbeilegungsverfahren vor einer Verbraucherschlichtungsstelle teilzunehmen.<\/p>\n\n\n\n<h3 class=\"wp-block-heading\">Haftung f\u00fcr Inhalte<\/h3>\n\n\n\n<p>Als Diensteanbieter sind wir gem\u00e4\u00df \u00a7 7 \nAbs.1 TMG f\u00fcr eigene Inhalte auf diesen Seiten nach den allgemeinen \nGesetzen verantwortlich. Nach \u00a7\u00a7 8 bis 10 TMG sind wir als \nDiensteanbieter jedoch nicht verpflichtet, \u00fcbermittelte oder \ngespeicherte fremde Informationen zu \u00fcberwachen oder nach Umst\u00e4nden zu \nforschen, die auf eine rechtswidrige T\u00e4tigkeit hinweisen.<\/p>\n\n\n\n<p>Verpflichtungen\n zur Entfernung oder Sperrung der Nutzung von Informationen nach den \nallgemeinen Gesetzen bleiben hiervon unber\u00fchrt. Eine diesbez\u00fcgliche \nHaftung ist jedoch erst ab dem Zeitpunkt der Kenntnis einer konkreten \nRechtsverletzung m\u00f6glich. Bei Bekanntwerden von entsprechenden \nRechtsverletzungen werden wir diese Inhalte umgehend entfernen.<\/p>\n\n\n\n<h3 class=\"wp-block-heading\">Haftung f\u00fcr Links<\/h3>\n\n\n\n<p>Unser\n Angebot enth\u00e4lt Links zu externen Websites Dritter, auf deren Inhalte \nwir keinen Einfluss haben. Deshalb k\u00f6nnen wir f\u00fcr diese fremden Inhalte \nauch keine Gew\u00e4hr \u00fcbernehmen. F\u00fcr die Inhalte der verlinkten Seiten ist \nstets der jeweilige Anbieter oder Betreiber der Seiten verantwortlich. \nDie verlinkten Seiten wurden zum Zeitpunkt der Verlinkung auf m\u00f6gliche \nRechtsverst\u00f6\u00dfe \u00fcberpr\u00fcft. Rechtswidrige Inhalte waren zum Zeitpunkt der \nVerlinkung nicht erkennbar.<\/p>\n\n\n\n<p>Eine permanente inhaltliche Kontrolle\n der verlinkten Seiten ist jedoch ohne konkrete Anhaltspunkte einer \nRechtsverletzung nicht zumutbar. Bei Bekanntwerden von \nRechtsverletzungen werden wir derartige Links umgehend entfernen.<\/p>\n\n\n\n<h3 class=\"wp-block-heading\">Urheberrecht<\/h3>\n\n\n\n<p>Die\n durch die Seitenbetreiber erstellten Inhalte und Werke auf diesen \nSeiten unterliegen dem deutschen Urheberrecht. Die Vervielf\u00e4ltigung, \nBearbeitung, Verbreitung und jede Art der Verwertung au\u00dferhalb der \nGrenzen des Urheberrechtes bed\u00fcrfen der schriftlichen Zustimmung des \njeweiligen Autors bzw. Erstellers. Downloads und Kopien dieser Seite \nsind nur f\u00fcr den privaten, nicht kommerziellen Gebrauch gestattet.<\/p>\n\n\n\n<p>Soweit\n die Inhalte auf dieser Seite nicht vom Betreiber erstellt wurden, \nwerden die Urheberrechte Dritter beachtet. Insbesondere werden Inhalte \nDritter als solche gekennzeichnet. Sollten Sie trotzdem auf eine \nUrheberrechtsverletzung aufmerksam werden, bitten wir um einen \nentsprechenden Hinweis. Bei Bekanntwerden von Rechtsverletzungen werden \nwir derartige Inhalte umgehend entfernen.<\/p>\n","protected":false},"excerpt":{"rendered":"<p>Angaben gem\u00e4\u00df \u00a7 5 TMG: Christian DonislreiterElektrotechnik Christian Donislreiter Mitterm\u00fchle 1A84577 T\u00fc\u00dfling Kontakt: Telefon: 08633 24 90 81Telefax: 08633 24 95 82E-Mail: info@eltedo.de Umsatzsteuer: Umsatzsteuer-Identifikationsnummer gem\u00e4\u00df \u00a727 a Umsatzsteuergesetz: DE263731572 Aufsichtsbeh\u00f6rde: Handwerkskammer M\u00fcnchen OberbayernHandwerkskammerf\u00fcr M\u00fcnchen und OberbayernMax-Joseph-Stra\u00dfe 480333 M\u00fcnchen https:\/\/www.hwk-muenchen.de\/ Berufsbezeichnung und berufsrechtliche Regelungen Berufsbezeichnung: Elektrotechnik HandwerksbetriebZust\u00e4ndige Kammer: Handwerkskammer M\u00fcnchen OberbayernVerliehen durch: DeutschlandEs gelten folgende [&hellip;]<\/p>\n","protected":false},"author":1,"featured_media":0,"parent":0,"menu_order":0,"comment_status":"closed","ping_status":"closed","template":"","meta":{"footnotes":""},"class_list":["post-2178","page","type-page","status-publish","hentry"],"_links":{"self":[{"href":"https:\/\/www.eltedo.de\/index.php\/wp-json\/wp\/v2\/pages\/2178","targetHints":{"allow":["GET"]}}],"collection":[{"href":"https:\/\/www.eltedo.de\/index.php\/wp-json\/wp\/v2\/pages"}],"about":[{"href":"https:\/\/www.eltedo.de\/index.php\/wp-json\/wp\/v2\/types\/page"}],"author":[{"embeddable":true,"href":"https:\/\/www.eltedo.de\/index.php\/wp-json\/wp\/v2\/users\/1"}],"replies":[{"embeddable":true,"href":"https:\/\/www.eltedo.de\/index.php\/wp-json\/wp\/v2\/comments?post=2178"}],"version-history":[{"count":2,"href":"https:\/\/www.eltedo.de\/index.php\/wp-json\/wp\/v2\/pages\/2178\/revisions"}],"predecessor-version":[{"id":2864,"href":"https:\/\/www.eltedo.de\/index.php\/wp-json\/wp\/v2\/pages\/2178\/revisions\/2864"}],"wp:attachment":[{"href":"https:\/\/www.eltedo.de\/index.php\/wp-json\/wp\/v2\/media?parent=2178"}],"curies":[{"name":"wp","href":"https:\/\/api.w.org\/{rel}","templated":true}]}}